{"id":134,"date":"2019-11-28T22:04:18","date_gmt":"2019-11-28T21:04:18","guid":{"rendered":"http:\/\/teeqa.pl\/?page_id=134"},"modified":"2019-11-28T22:54:47","modified_gmt":"2019-11-28T21:54:47","slug":"o-nas","status":"publish","type":"page","link":"https:\/\/teeqa.pl\/index.php\/o-nas\/","title":{"rendered":"O Nas"},"content":{"rendered":"\n<p>mgr in\u017c. Andrzej Zakrzewski &#8211; in\u017cynier z kilkunastoletnim do\u015bwiadczeniem w bran\u017cy elektrycznej oraz telekomunikacyjnej, posiadaj\u0105cy uprawnienia do projektowania i kierowania robotami budowlanymi w specjalno\u015bci instalacyjnej: <\/p>\n\n\n\n<div class=\"wp-block-group\"><div class=\"wp-block-group__inner-container is-layout-flow wp-block-group-is-layout-flow\">\n<ul><li>w zakresie sieci, instalacji i urz\u0105dze\u0144 elektrycznych i elektroenergetycznych,<\/li><\/ul>\n<\/div><\/div>\n\n\n\n<ul><li>w zakresie sieci, instalacji i urz\u0105dze\u0144 telekomunikacyjnych,<\/li><\/ul>\n\n\n\n<p>oraz posiadaj\u0105cy uprawnienia do kierowania robotami budowlanymi oraz prowadzenia nadzoru inwestorskiego przy zabytkach nieruchomych w specjalno\u015bci instalacyjnej w zakresie sieci, instalacji i urz\u0105dze\u0144 elektrycznych i elektroenergetycznych.<\/p>\n\n\n\n<p> Cz\u0142onek Warmi\u0144sko-Mazurskiej Okr\u0119gowej Izby In\u017cynier\u00f3w Budownictwa.<\/p>\n","protected":false},"excerpt":{"rendered":"<p>mgr in\u017c. Andrzej Zakrzewski &#8211; in\u017cynier z kilkunastoletnim do\u015bwiadczeniem w bran\u017cy elektrycznej oraz telekomunikacyjnej, posiadaj\u0105cy uprawnienia do projektowania i kierowania robotami budowlanymi w specjalno\u015bci instalacyjnej: w zakresie sieci, instalacji i urz\u0105dze\u0144 elektrycznych i elektroenergetycznych, w zakresie sieci, instalacji i urz\u0105dze\u0144 telekomunikacyjnych, oraz posiadaj\u0105cy uprawnienia do kierowania robotami budowlanymi oraz prowadzenia nadzoru inwestorskiego przy zabytkach nieruchomych &hellip; <\/p>\n<p class=\"link-more\"><a href=\"https:\/\/teeqa.pl\/index.php\/o-nas\/\" class=\"more-link\">Czytaj dalej<span class=\"screen-reader-text\"> \u201eO Nas\u201d<\/span><\/a><\/p>\n","protected":false},"author":1,"featured_media":0,"parent":0,"menu_order":0,"comment_status":"closed","ping_status":"closed","template":"","meta":{"footnotes":""},"_links":{"self":[{"href":"https:\/\/teeqa.pl\/index.php\/wp-json\/wp\/v2\/pages\/134"}],"collection":[{"href":"https:\/\/teeqa.pl\/index.php\/wp-json\/wp\/v2\/pages"}],"about":[{"href":"https:\/\/teeqa.pl\/index.php\/wp-json\/wp\/v2\/types\/page"}],"author":[{"embeddable":true,"href":"https:\/\/teeqa.pl\/index.php\/wp-json\/wp\/v2\/users\/1"}],"replies":[{"embeddable":true,"href":"https:\/\/teeqa.pl\/index.php\/wp-json\/wp\/v2\/comments?post=134"}],"version-history":[{"count":9,"href":"https:\/\/teeqa.pl\/index.php\/wp-json\/wp\/v2\/pages\/134\/revisions"}],"predecessor-version":[{"id":168,"href":"https:\/\/teeqa.pl\/index.php\/wp-json\/wp\/v2\/pages\/134\/revisions\/168"}],"wp:attachment":[{"href":"https:\/\/teeqa.pl\/index.php\/wp-json\/wp\/v2\/media?parent=134"}],"curies":[{"name":"wp","href":"https:\/\/api.w.org\/{rel}","templated":true}]}}