{"id":11,"date":"2019-11-11T14:05:32","date_gmt":"2019-11-11T13:05:32","guid":{"rendered":"http:\/\/teeqa.pl\/?page_id=11"},"modified":"2019-11-28T22:36:08","modified_gmt":"2019-11-28T21:36:08","slug":"about-company","status":"publish","type":"page","link":"https:\/\/teeqa.pl\/index.php\/about-company\/","title":{"rendered":"O Firmie"},"content":{"rendered":"<p>TEEQA jest firm\u0105 za\u0142o\u017con\u0105 w 2017 roku.<\/p>\n<p>Dzia\u0142amy w dw\u00f3ch obszarch:<\/p>\n<ul>\n<li style=\"list-style-type: none;\">\n<ul>\n<li>wykonywania projekt\u00f3w elektrycznych i elektrotechnicznych<\/li>\n<li>zapewnienie jako\u015bci oprogramowania<\/li>\n<\/ul>\n<\/li>\n<\/ul>\n","protected":false},"excerpt":{"rendered":"<p>TEEQA jest firm\u0105 za\u0142o\u017con\u0105 w 2017 roku. Dzia\u0142amy w dw\u00f3ch obszarch: wykonywania projekt\u00f3w elektrycznych i elektrotechnicznych zapewnienie jako\u015bci oprogramowania<\/p>\n","protected":false},"author":1,"featured_media":0,"parent":0,"menu_order":0,"comment_status":"closed","ping_status":"closed","template":"","meta":{"footnotes":""},"_links":{"self":[{"href":"https:\/\/teeqa.pl\/index.php\/wp-json\/wp\/v2\/pages\/11"}],"collection":[{"href":"https:\/\/teeqa.pl\/index.php\/wp-json\/wp\/v2\/pages"}],"about":[{"href":"https:\/\/teeqa.pl\/index.php\/wp-json\/wp\/v2\/types\/page"}],"author":[{"embeddable":true,"href":"https:\/\/teeqa.pl\/index.php\/wp-json\/wp\/v2\/users\/1"}],"replies":[{"embeddable":true,"href":"https:\/\/teeqa.pl\/index.php\/wp-json\/wp\/v2\/comments?post=11"}],"version-history":[{"count":6,"href":"https:\/\/teeqa.pl\/index.php\/wp-json\/wp\/v2\/pages\/11\/revisions"}],"predecessor-version":[{"id":152,"href":"https:\/\/teeqa.pl\/index.php\/wp-json\/wp\/v2\/pages\/11\/revisions\/152"}],"wp:attachment":[{"href":"https:\/\/teeqa.pl\/index.php\/wp-json\/wp\/v2\/media?parent=11"}],"curies":[{"name":"wp","href":"https:\/\/api.w.org\/{rel}","templated":true}]}}