{"id":10,"date":"2019-11-11T14:05:32","date_gmt":"2019-11-11T13:05:32","guid":{"rendered":"http:\/\/teeqa.pl\/?page_id=10"},"modified":"2019-11-28T22:06:36","modified_gmt":"2019-11-28T21:06:36","slug":"o-firmie","status":"publish","type":"page","link":"http:\/\/teeqa.pl\/","title":{"rendered":"TEEQA"},"content":{"rendered":"<p>Witamy na Naszej stronie!<\/p>\n<p style=\"text-align: left;\">Nasza firma dzia\u0142a w bran\u017cy teletechnicznej i elektrycznej w zakresie projektowania i doradztwa oraz w bran\u017cy testowania oprogramowania i zapewnienia jako\u015bci w projektach IT.<\/p>\n<p>Zapraszamy do zapoznania si\u0119 z Nasz\u0105 ofert\u0105.<\/p>\n<p style=\"padding-left: 320px;\">Zesp\u00f3\u0142 TEEQA<\/p>\n","protected":false},"excerpt":{"rendered":"<p>Witamy na Naszej stronie! Nasza firma dzia\u0142a w bran\u017cy teletechnicznej i elektrycznej w zakresie projektowania i doradztwa oraz w bran\u017cy testowania oprogramowania i zapewnienia jako\u015bci w projektach IT. Zapraszamy do zapoznania si\u0119 z Nasz\u0105 ofert\u0105. Zesp\u00f3\u0142 TEEQA<\/p>\n","protected":false},"author":1,"featured_media":0,"parent":0,"menu_order":0,"comment_status":"closed","ping_status":"closed","template":"","meta":{"footnotes":""},"_links":{"self":[{"href":"https:\/\/teeqa.pl\/index.php\/wp-json\/wp\/v2\/pages\/10"}],"collection":[{"href":"https:\/\/teeqa.pl\/index.php\/wp-json\/wp\/v2\/pages"}],"about":[{"href":"https:\/\/teeqa.pl\/index.php\/wp-json\/wp\/v2\/types\/page"}],"author":[{"embeddable":true,"href":"https:\/\/teeqa.pl\/index.php\/wp-json\/wp\/v2\/users\/1"}],"replies":[{"embeddable":true,"href":"https:\/\/teeqa.pl\/index.php\/wp-json\/wp\/v2\/comments?post=10"}],"version-history":[{"count":9,"href":"https:\/\/teeqa.pl\/index.php\/wp-json\/wp\/v2\/pages\/10\/revisions"}],"predecessor-version":[{"id":138,"href":"https:\/\/teeqa.pl\/index.php\/wp-json\/wp\/v2\/pages\/10\/revisions\/138"}],"wp:attachment":[{"href":"https:\/\/teeqa.pl\/index.php\/wp-json\/wp\/v2\/media?parent=10"}],"curies":[{"name":"wp","href":"https:\/\/api.w.org\/{rel}","templated":true}]}}